{"id":2474,"date":"2023-10-25T06:05:05","date_gmt":"2023-10-25T06:05:05","guid":{"rendered":"https:\/\/www.avivagymnastics.ro\/new\/?page_id=2474"},"modified":"2023-10-25T11:30:21","modified_gmt":"2023-10-25T11:30:21","slug":"gimnastica-aviva-pentru-adolescente","status":"publish","type":"page","link":"https:\/\/avivagymnastics.ro\/hu\/gimnastica-aviva-pentru-adolescente\/","title":{"rendered":"Aviva torna tizen\u00e9ves l\u00e1nyoknak"},"content":{"rendered":"<div data-elementor-type=\"wp-page\" data-elementor-id=\"2474\" class=\"elementor elementor-2474\" data-elementor-post-type=\"page\">\n\t\t\t\t<div class=\"elementor-element elementor-element-b4e084b e-flex e-con-boxed e-con e-parent\" data-id=\"b4e084b\" data-element_type=\"container\" data-settings=\"{&quot;background_background&quot;:&quot;classic&quot;}\">\n\t\t\t\t\t<div class=\"e-con-inner\">\n\t\t<div class=\"elementor-element elementor-element-bc03b58 e-con-full e-flex e-con e-child\" data-id=\"bc03b58\" data-element_type=\"container\">\n\t\t\t\t<div class=\"elementor-element elementor-element-05c533c elementor-widget elementor-widget-heading\" data-id=\"05c533c\" data-element_type=\"widget\" data-widget_type=\"heading.default\">\n\t\t\t\t<div class=\"elementor-widget-container\">\n\t\t\t\t\t<h2 class=\"elementor-heading-title elementor-size-default\">AVIVA m\u00f3dszer<\/h2>\t\t\t\t<\/div>\n\t\t\t\t<\/div>\n\t\t\t\t<div class=\"elementor-element elementor-element-b7ad3d3 elementor-widget__width-initial elementor-widget elementor-widget-heading\" data-id=\"b7ad3d3\" data-element_type=\"widget\" data-widget_type=\"heading.default\">\n\t\t\t\t<div class=\"elementor-widget-container\">\n\t\t\t\t\t<h1 class=\"elementor-heading-title elementor-size-default\">Aviva torna tiniknek<\/h1>\t\t\t\t<\/div>\n\t\t\t\t<\/div>\n\t\t\t\t<\/div>\n\t\t<div class=\"elementor-element elementor-element-f3ac3a1 e-con-full e-flex e-con e-child\" data-id=\"f3ac3a1\" data-element_type=\"container\">\n\t\t\t\t<div class=\"elementor-element elementor-element-9a35e88 elementor-widget elementor-widget-gallery\" data-id=\"9a35e88\" data-element_type=\"widget\" data-settings=\"{&quot;gallery_layout&quot;:&quot;masonry&quot;,&quot;columns&quot;:3,&quot;lazyload&quot;:&quot;yes&quot;,&quot;columns_tablet&quot;:2,&quot;columns_mobile&quot;:1,&quot;gap&quot;:{&quot;unit&quot;:&quot;px&quot;,&quot;size&quot;:10,&quot;sizes&quot;:[]},&quot;gap_tablet&quot;:{&quot;unit&quot;:&quot;px&quot;,&quot;size&quot;:10,&quot;sizes&quot;:[]},&quot;gap_mobile&quot;:{&quot;unit&quot;:&quot;px&quot;,&quot;size&quot;:10,&quot;sizes&quot;:[]},&quot;link_to&quot;:&quot;file&quot;,&quot;overlay_background&quot;:&quot;yes&quot;,&quot;content_hover_animation&quot;:&quot;fade-in&quot;}\" data-widget_type=\"gallery.default\">\n\t\t\t\t<div class=\"elementor-widget-container\">\n\t\t\t\t\t\t\t<div class=\"elementor-gallery__container\">\n\t\t\t\t\t\t\t<a class=\"e-gallery-item elementor-gallery-item elementor-animated-content\" href=\"https:\/\/avivagymnastics.ro\/wp-content\/uploads\/2023\/10\/IMG_4786.jpg\" data-elementor-open-lightbox=\"yes\" data-elementor-lightbox-slideshow=\"9a35e88\" data-elementor-lightbox-title=\"IMG_4786\" data-e-action-hash=\"#elementor-action%3Aaction%3Dlightbox%26settings%3DeyJpZCI6MjU3MSwidXJsIjoiaHR0cHM6XC9cL2F2aXZhZ3ltbmFzdGljcy5yb1wvd3AtY29udGVudFwvdXBsb2Fkc1wvMjAyM1wvMTBcL0lNR180Nzg2LmpwZyIsInNsaWRlc2hvdyI6IjlhMzVlODgifQ%3D%3D\">\n\t\t\t\t\t<div class=\"e-gallery-image elementor-gallery-item__image\" data-thumbnail=\"https:\/\/avivagymnastics.ro\/wp-content\/uploads\/2023\/10\/IMG_4786.jpg\" data-width=\"800\" data-height=\"1217\" aria-label=\"\" role=\"img\" ><\/div>\n\t\t\t\t\t\t\t\t\t\t\t<div class=\"elementor-gallery-item__overlay\"><\/div>\n\t\t\t\t\t\t\t\t\t\t\t\t\t\t<\/a>\n\t\t\t\t\t\t\t<a class=\"e-gallery-item elementor-gallery-item elementor-animated-content\" href=\"https:\/\/avivagymnastics.ro\/wp-content\/uploads\/2023\/10\/IMG_5082.jpg\" data-elementor-open-lightbox=\"yes\" data-elementor-lightbox-slideshow=\"9a35e88\" data-elementor-lightbox-title=\"IMG_5082\" data-e-action-hash=\"#elementor-action%3Aaction%3Dlightbox%26settings%3DeyJpZCI6MjU3MywidXJsIjoiaHR0cHM6XC9cL2F2aXZhZ3ltbmFzdGljcy5yb1wvd3AtY29udGVudFwvdXBsb2Fkc1wvMjAyM1wvMTBcL0lNR181MDgyLmpwZyIsInNsaWRlc2hvdyI6IjlhMzVlODgifQ%3D%3D\">\n\t\t\t\t\t<div class=\"e-gallery-image elementor-gallery-item__image\" data-thumbnail=\"https:\/\/avivagymnastics.ro\/wp-content\/uploads\/2023\/10\/IMG_5082.jpg\" data-width=\"800\" data-height=\"1200\" aria-label=\"\" role=\"img\" ><\/div>\n\t\t\t\t\t\t\t\t\t\t\t<div class=\"elementor-gallery-item__overlay\"><\/div>\n\t\t\t\t\t\t\t\t\t\t\t\t\t\t<\/a>\n\t\t\t\t\t\t\t<a class=\"e-gallery-item elementor-gallery-item elementor-animated-content\" href=\"https:\/\/avivagymnastics.ro\/wp-content\/uploads\/2023\/10\/IMG_5083.jpg\" data-elementor-open-lightbox=\"yes\" data-elementor-lightbox-slideshow=\"9a35e88\" data-elementor-lightbox-title=\"IMG_5083\" data-e-action-hash=\"#elementor-action%3Aaction%3Dlightbox%26settings%3DeyJpZCI6MjU3MiwidXJsIjoiaHR0cHM6XC9cL2F2aXZhZ3ltbmFzdGljcy5yb1wvd3AtY29udGVudFwvdXBsb2Fkc1wvMjAyM1wvMTBcL0lNR181MDgzLmpwZyIsInNsaWRlc2hvdyI6IjlhMzVlODgifQ%3D%3D\">\n\t\t\t\t\t<div class=\"e-gallery-image elementor-gallery-item__image\" data-thumbnail=\"https:\/\/avivagymnastics.ro\/wp-content\/uploads\/2023\/10\/IMG_5083.jpg\" data-width=\"800\" data-height=\"598\" aria-label=\"\" role=\"img\" ><\/div>\n\t\t\t\t\t\t\t\t\t\t\t<div class=\"elementor-gallery-item__overlay\"><\/div>\n\t\t\t\t\t\t\t\t\t\t\t\t\t\t<\/a>\n\t\t\t\t\t<\/div>\n\t\t\t\t\t<\/div>\n\t\t\t\t<\/div>\n\t\t\t\t<\/div>\n\t\t\t\t\t<\/div>\n\t\t\t\t<\/div>\n\t\t<div class=\"elementor-element elementor-element-d674e5b e-flex e-con-boxed e-con e-parent\" data-id=\"d674e5b\" data-element_type=\"container\">\n\t\t\t\t\t<div class=\"e-con-inner\">\n\t\t\t\t\t<\/div>\n\t\t\t\t<\/div>\n\t\t\t\t<\/div>","protected":false},"excerpt":{"rendered":"<p>Az Aviva m\u00f3dszer Aviva gimnasztika tin\u00e9dzser l\u00e1nyoknak<\/p>","protected":false},"author":1,"featured_media":0,"parent":0,"menu_order":0,"comment_status":"closed","ping_status":"closed","template":"elementor_header_footer","meta":{"footnotes":""},"class_list":["post-2474","page","type-page","status-publish","hentry"],"_links":{"self":[{"href":"https:\/\/avivagymnastics.ro\/hu\/wp-json\/wp\/v2\/pages\/2474","targetHints":{"allow":["GET"]}}],"collection":[{"href":"https:\/\/avivagymnastics.ro\/hu\/wp-json\/wp\/v2\/pages"}],"about":[{"href":"https:\/\/avivagymnastics.ro\/hu\/wp-json\/wp\/v2\/types\/page"}],"author":[{"embeddable":true,"href":"https:\/\/avivagymnastics.ro\/hu\/wp-json\/wp\/v2\/users\/1"}],"replies":[{"embeddable":true,"href":"https:\/\/avivagymnastics.ro\/hu\/wp-json\/wp\/v2\/comments?post=2474"}],"version-history":[{"count":5,"href":"https:\/\/avivagymnastics.ro\/hu\/wp-json\/wp\/v2\/pages\/2474\/revisions"}],"predecessor-version":[{"id":2579,"href":"https:\/\/avivagymnastics.ro\/hu\/wp-json\/wp\/v2\/pages\/2474\/revisions\/2579"}],"wp:attachment":[{"href":"https:\/\/avivagymnastics.ro\/hu\/wp-json\/wp\/v2\/media?parent=2474"}],"curies":[{"name":"wp","href":"https:\/\/api.w.org\/{rel}","templated":true}]}}