{"id":2472,"date":"2023-10-25T06:03:55","date_gmt":"2023-10-25T06:03:55","guid":{"rendered":"https:\/\/www.avivagymnastics.ro\/new\/?page_id=2472"},"modified":"2023-11-01T07:21:31","modified_gmt":"2023-11-01T07:21:31","slug":"gimnastica-hormonala-pentru-barbati","status":"publish","type":"page","link":"https:\/\/avivagymnastics.ro\/hu\/gimnastica-hormonala-pentru-barbati\/","title":{"rendered":"Hormon\u00e1lis gimnasztika f\u00e9rfiaknak"},"content":{"rendered":"<div data-elementor-type=\"wp-page\" data-elementor-id=\"2472\" class=\"elementor elementor-2472\" data-elementor-post-type=\"page\">\n\t\t\t\t<div class=\"elementor-element elementor-element-b4e084b e-flex e-con-boxed e-con e-parent\" data-id=\"b4e084b\" data-element_type=\"container\" data-settings=\"{&quot;background_background&quot;:&quot;classic&quot;}\">\n\t\t\t\t\t<div class=\"e-con-inner\">\n\t\t<div class=\"elementor-element elementor-element-bc03b58 e-con-full e-flex e-con e-child\" data-id=\"bc03b58\" data-element_type=\"container\">\n\t\t\t\t<div class=\"elementor-element elementor-element-05c533c elementor-widget elementor-widget-heading\" data-id=\"05c533c\" data-element_type=\"widget\" data-widget_type=\"heading.default\">\n\t\t\t\t<div class=\"elementor-widget-container\">\n\t\t\t\t\t<h2 class=\"elementor-heading-title elementor-size-default\">Az aviva m\u00f3dszer<\/h2>\t\t\t\t<\/div>\n\t\t\t\t<\/div>\n\t\t\t\t<div class=\"elementor-element elementor-element-b7ad3d3 elementor-widget__width-initial elementor-widget elementor-widget-heading\" data-id=\"b7ad3d3\" data-element_type=\"widget\" data-widget_type=\"heading.default\">\n\t\t\t\t<div class=\"elementor-widget-container\">\n\t\t\t\t\t<h1 class=\"elementor-heading-title elementor-size-default\">Hormon\u00e1lis gimnasztika f\u00e9rfiaknak<\/h1>\t\t\t\t<\/div>\n\t\t\t\t<\/div>\n\t\t\t\t<\/div>\n\t\t<div class=\"elementor-element elementor-element-f3ac3a1 e-con-full e-flex e-con e-child\" data-id=\"f3ac3a1\" data-element_type=\"container\">\n\t\t\t\t<\/div>\n\t\t\t\t\t<\/div>\n\t\t\t\t<\/div>\n\t\t<div class=\"elementor-element elementor-element-d674e5b e-flex e-con-boxed e-con e-parent\" data-id=\"d674e5b\" data-element_type=\"container\">\n\t\t\t\t\t<div class=\"e-con-inner\">\n\t\t\t\t\t<\/div>\n\t\t\t\t<\/div>\n\t\t\t\t<\/div>","protected":false},"excerpt":{"rendered":"<p>Aviva m\u00f3dszer Hormon\u00e1lis gimnasztika f\u00e9rfiaknak<\/p>","protected":false},"author":1,"featured_media":0,"parent":0,"menu_order":0,"comment_status":"closed","ping_status":"closed","template":"elementor_header_footer","meta":{"footnotes":""},"class_list":["post-2472","page","type-page","status-publish","hentry"],"_links":{"self":[{"href":"https:\/\/avivagymnastics.ro\/hu\/wp-json\/wp\/v2\/pages\/2472","targetHints":{"allow":["GET"]}}],"collection":[{"href":"https:\/\/avivagymnastics.ro\/hu\/wp-json\/wp\/v2\/pages"}],"about":[{"href":"https:\/\/avivagymnastics.ro\/hu\/wp-json\/wp\/v2\/types\/page"}],"author":[{"embeddable":true,"href":"https:\/\/avivagymnastics.ro\/hu\/wp-json\/wp\/v2\/users\/1"}],"replies":[{"embeddable":true,"href":"https:\/\/avivagymnastics.ro\/hu\/wp-json\/wp\/v2\/comments?post=2472"}],"version-history":[{"count":5,"href":"https:\/\/avivagymnastics.ro\/hu\/wp-json\/wp\/v2\/pages\/2472\/revisions"}],"predecessor-version":[{"id":2590,"href":"https:\/\/avivagymnastics.ro\/hu\/wp-json\/wp\/v2\/pages\/2472\/revisions\/2590"}],"wp:attachment":[{"href":"https:\/\/avivagymnastics.ro\/hu\/wp-json\/wp\/v2\/media?parent=2472"}],"curies":[{"name":"wp","href":"https:\/\/api.w.org\/{rel}","templated":true}]}}